{"id":9,"date":"2026-03-26T09:25:01","date_gmt":"2026-03-26T09:25:01","guid":{"rendered":"https:\/\/calidra.site\/?page_id=9"},"modified":"2026-03-27T10:31:48","modified_gmt":"2026-03-27T10:31:48","slug":"die-physik-der-steinschlagreparatur","status":"publish","type":"page","link":"https:\/\/calidra.site\/","title":{"rendered":"Die Physik der Steinschlagreparatur"},"content":{"rendered":"\n<h3 class=\"wp-block-heading\">Dynamik der Spannungsfelder im Verbundglas<\/h3>\n\n\n\n<p>Ein Steinschlag ist weit mehr als ein optischer Defekt: Er ist eine Unterbrechung der strukturellen Spannung innerhalb der PVB:Folie (Polyvinylbutyral) und der zwei Glasschichten. Alexandra Schindler analysiert bei <strong>calidra<\/strong> zuerst die Kapillarwirkung des Bruchs. In Denkendorf setzen wir Vakuum:Druck:Verfahren ein, um Luft und Feuchtigkeit vollst\u00e4ndig aus dem Riss zu extrahieren, bevor das hochviskose Spezialharz injiziert wird. Dieses Harz besitzt denselben Lichtbrechungsindex wie Glas, wodurch die Schadstelle nach der UV:Polymerisation nahezu unsichtbar wird.<\/p>\n\n\n\n<figure class=\"wp-block-image size-large\"><img loading=\"lazy\" decoding=\"async\" width=\"1024\" height=\"768\" src=\"https:\/\/calidra.site\/wp-content\/uploads\/2026\/03\/1bbhKYEM3iYPLgl-1024x768.jpg\" alt=\"\" class=\"wp-image-11\" srcset=\"https:\/\/calidra.site\/wp-content\/uploads\/2026\/03\/1bbhKYEM3iYPLgl-1024x768.jpg 1024w, https:\/\/calidra.site\/wp-content\/uploads\/2026\/03\/1bbhKYEM3iYPLgl-300x225.jpg 300w, https:\/\/calidra.site\/wp-content\/uploads\/2026\/03\/1bbhKYEM3iYPLgl-768x576.jpg 768w, https:\/\/calidra.site\/wp-content\/uploads\/2026\/03\/1bbhKYEM3iYPLgl-1536x1152.jpg 1536w, https:\/\/calidra.site\/wp-content\/uploads\/2026\/03\/1bbhKYEM3iYPLgl-2048x1536.jpg 2048w\" sizes=\"auto, (max-width: 1024px) 100vw, 1024px\" \/><\/figure>\n\n\n\n<h3 class=\"wp-block-heading\">Technische Klassifizierung von Glassch\u00e4den<\/h3>\n\n\n\n<figure class=\"wp-block-table\"><table class=\"has-fixed-layout\"><thead><tr><td><strong>Schadensart<\/strong><\/td><td><strong>Mechanische Charakteristik<\/strong><\/td><td><strong>Reparaturf\u00e4higkeit bei calidra<\/strong><\/td><\/tr><\/thead><tbody><tr><td><strong>Bullseye<\/strong><\/td><td>Kreisf\u00f6rmiger Bruch ohne Rissbildung<\/td><td>Exzellent (Struktur bleibt stabil)<\/td><\/tr><tr><td><strong>Starbreak<\/strong><\/td><td>Sternf\u00f6rmige Risse vom Zentrum ausgehend<\/td><td>Sehr gut (sofortige Stabilisierung n\u00f6tig)<\/td><\/tr><tr><td><strong>Combination<\/strong><\/td><td>Tr\u00fcmmerstelle mit mehreren Risskan\u00e4len<\/td><td>Begrenzt (Einzelfallpr\u00fcfung erforderlich)<\/td><\/tr><tr><td><strong>Riss (Crack)<\/strong><\/td><td>Lineare Trennung der Glasschichten<\/td><td>Kritisch (Austausch meist sicherer)<\/td><\/tr><\/tbody><\/table><\/figure>\n\n\n\n<figure class=\"wp-block-image size-large\"><img loading=\"lazy\" decoding=\"async\" width=\"1024\" height=\"578\" src=\"https:\/\/calidra.site\/wp-content\/uploads\/2026\/03\/hAW19AjHUNt03N-1024x578.jpg\" alt=\"\" class=\"wp-image-13\" srcset=\"https:\/\/calidra.site\/wp-content\/uploads\/2026\/03\/hAW19AjHUNt03N-1024x578.jpg 1024w, https:\/\/calidra.site\/wp-content\/uploads\/2026\/03\/hAW19AjHUNt03N-300x169.jpg 300w, https:\/\/calidra.site\/wp-content\/uploads\/2026\/03\/hAW19AjHUNt03N-768x434.jpg 768w, https:\/\/calidra.site\/wp-content\/uploads\/2026\/03\/hAW19AjHUNt03N-1536x867.jpg 1536w, https:\/\/calidra.site\/wp-content\/uploads\/2026\/03\/hAW19AjHUNt03N.jpg 1920w\" sizes=\"auto, (max-width: 1024px) 100vw, 1024px\" \/><\/figure>\n\n\n\n<h3 class=\"wp-block-heading\">Der calidra Injektions-Protokoll<\/h3>\n\n\n\n<ol start=\"1\" class=\"wp-block-list\">\n<li>Reinigung der Schadstelle mit chemischen Dehydratoren.<\/li>\n\n\n\n<li>Aufsetzen des Pr\u00e4zisions:Injektors an der Hermann-L\u00f6ns-Stra\u00dfe 31.<\/li>\n\n\n\n<li>Vakuumerzeugung zur Entfernung mikroskopischer Lufteinschl\u00fcsse.<\/li>\n\n\n\n<li>Druckinjektion des UV:reaktiven Acrylharzes.<\/li>\n\n\n\n<li>Aush\u00e4rtung mittels kalibrierter UV:Frequenz f\u00fcr maximale H\u00e4rte.<\/li>\n\n\n\n<li>Planpolieren der Oberfl\u00e4che zur Wiederherstellung der Aerodynamik.<\/li>\n<\/ol>\n\n\n\n<blockquote class=\"wp-block-quote is-layout-flow wp-block-quote-is-layout-flow\">\n<p><strong>Alexandras Leitsatz:<\/strong> Wer zu lange wartet, riskiert die Ausdehnung des Bruchs durch thermische Spannungen. In Denkendorf stabilisieren wir die Scheibe, bevor das gesamte System versagt.<\/p>\n<\/blockquote>\n","protected":false},"excerpt":{"rendered":"<p>Dynamik der Spannungsfelder im Verbundglas Ein Steinschlag ist weit mehr als ein optischer Defekt: Er ist eine Unterbrechung der strukturellen Spannung innerhalb der PVB:Folie (Polyvinylbutyral) und der zwei Glasschichten. Alexandra Schindler analysiert bei calidra zuerst die Kapillarwirkung des Bruchs. In Denkendorf setzen wir Vakuum:Druck:Verfahren ein, um Luft und Feuchtigkeit vollst\u00e4ndig aus dem Riss zu extrahieren,&hellip;<\/p>\n","protected":false},"author":1,"featured_media":0,"parent":0,"menu_order":1,"comment_status":"closed","ping_status":"closed","template":"","meta":{"footnotes":""},"class_list":["post-9","page","type-page","status-publish","hentry"],"_links":{"self":[{"href":"https:\/\/calidra.site\/index.php?rest_route=\/wp\/v2\/pages\/9","targetHints":{"allow":["GET"]}}],"collection":[{"href":"https:\/\/calidra.site\/index.php?rest_route=\/wp\/v2\/pages"}],"about":[{"href":"https:\/\/calidra.site\/index.php?rest_route=\/wp\/v2\/types\/page"}],"author":[{"embeddable":true,"href":"https:\/\/calidra.site\/index.php?rest_route=\/wp\/v2\/users\/1"}],"replies":[{"embeddable":true,"href":"https:\/\/calidra.site\/index.php?rest_route=%2Fwp%2Fv2%2Fcomments&post=9"}],"version-history":[{"count":1,"href":"https:\/\/calidra.site\/index.php?rest_route=\/wp\/v2\/pages\/9\/revisions"}],"predecessor-version":[{"id":14,"href":"https:\/\/calidra.site\/index.php?rest_route=\/wp\/v2\/pages\/9\/revisions\/14"}],"wp:attachment":[{"href":"https:\/\/calidra.site\/index.php?rest_route=%2Fwp%2Fv2%2Fmedia&parent=9"}],"curies":[{"name":"wp","href":"https:\/\/api.w.org\/{rel}","templated":true}]}}